{"id":1055,"date":"2015-12-10T02:10:23","date_gmt":"2015-12-10T02:10:23","guid":{"rendered":"http:\/\/www.expatpsi.com\/blogo\/?page_id=1055"},"modified":"2018-05-24T03:21:21","modified_gmt":"2018-05-24T03:21:21","slug":"productos","status":"publish","type":"page","link":"https:\/\/www.expatpsi.com\/blogo\/productos\/","title":{"rendered":"CURSOS para expatriados"},"content":{"rendered":"<p>&nbsp;<\/p>\n<p class=\"p1\">Ya lo sab\u00e9s, no necesit\u00e1s que te lo diga yo; esto de vivir lejos, de tener una vida como expatriado o migrante no siempre es f\u00e1cil. No todo es color de rosa como parece vista a lo lejos. Lo que quiz\u00e1s no sepas es que con la informaci\u00f3n necesaria puede mejorar y mucho. Por eso empec\u00e9 a escribir este blog y por eso tambi\u00e9n arm\u00e9 estos cursos. Para acercarte informaci\u00f3n, herramientas e ideas que pueden hacer que tu experiencia &#8220;expat&#8221; sea mucho mejor.<\/p>\n<p class=\"p1\">El contenido de los cursos surge de detectar las mismas necesidades, los mismos factores comunes en casi todos aquellos que he entrevistado a trav\u00e9s de los a\u00f1os para mis investigaciones. Si bien somos todos diferentes y no existe un talle que nos vaya perfecto para todos (el famoso &#8220;one fits all&#8221;) en ciertos temas, hay conocimiento que nos viene bien a todos.<\/p>\n<p class=\"p1\">As\u00ed es que ahora si, ya lo sab\u00e9s, si est\u00e1s necesitando ayuda para mejorar tu experiencia viviendo lejos de tu lugar de origen, si sent\u00eds que algo no est\u00e1 del todo bien, que hay un pedazo del rompecabezas que te est\u00e1 faltando o simplemente querr\u00edas saber m\u00e1s sobre esto que est\u00e1s viviendo entonces estos cursos pueden servirte. Ya que fueron dise\u00f1ados para eso y tambi\u00e9n tomando en cuenta que no siempre podemos conectarnos a una hora determinada, disponer de tiempo para un video o una conferencia. Entonces est\u00e1n hecho para que se puedan hacer a tu ritmo, en tus tiempos, y, en caso de quererla, con la posibilidad de un seguimiento individual.<\/p>\n<p>Si ten\u00e9s alguna duda sobre estos cursos, no dejes de escribir a <a href=\"mailto:info@expatpsi.com\" target=\"_blank\" rel=\"noopener\">info@expatpsi.com<\/a><\/p>\n<hr \/>\n<p>&nbsp;<\/p>\n<p><a href=\"http:\/\/www.expatpsi.com\/codex-2-2\/\" target=\"_blank\" rel=\"attachment wp-att-1056 noopener\"><img loading=\"lazy\" decoding=\"async\" class=\"wp-image-1056 size-full aligncenter\" src=\"http:\/\/www.expatpsi.com\/blogo\/wp-content\/uploads\/2015\/12\/PauVexlir_Parroquial_7_02.gif\" alt=\"PauVexlir_Parroquial_7_02\" width=\"525\" height=\"344\" \/><\/a><\/p>\n<h5 style=\"text-align: center;\"><strong>C\u00f3digo Expat,<\/strong> el conocimiento que todo expat necesita, con unos bonus imperdibles.<br \/>\nPara m\u00e1s informaci\u00f3n<a href=\"http:\/\/www.expatpsi.com\/codex-2-2\/\" target=\"_blank\" rel=\"noopener\"> entr\u00e1 ac\u00e1<\/a> y enterate m\u00e1s sobre este Curso!<\/h5>\n<p>&nbsp;<\/p>\n<hr \/>\n<p>&nbsp;<\/p>\n<p><a href=\"https:\/\/www.expatpsi.com\/journaling\/\" target=\"_blank\" rel=\"attachment wp-att-1056 noopener\"><img loading=\"lazy\" decoding=\"async\" class=\"aligncenter wp-image-1689 size-full\" src=\"http:\/\/www.expatpsi.com\/blogo\/wp-content\/uploads\/2016\/10\/journaling_cursos.jpg\" width=\"525\" height=\"311\" srcset=\"https:\/\/www.expatpsi.com\/blogo\/wp-content\/uploads\/2016\/10\/journaling_cursos.jpg 525w, https:\/\/www.expatpsi.com\/blogo\/wp-content\/uploads\/2016\/10\/journaling_cursos-300x178.jpg 300w\" sizes=\"auto, (max-width: 525px) 100vw, 525px\" \/><\/a><\/p>\n<h5 style=\"text-align: center;\">El journaling es una t\u00e9cnica buen\u00edsima para encontrar (o recuperar, que a veces se pierde)\u00a0<b>tu propia voz,<\/b> poner tus pensamientos e ideas en claro y liberar tu mente para poder pensar en otras cosas (y salir de ese c\u00edrculo vicioso o <em>loop<\/em> de pensamientos).\u00a0Luego de haber implementado exitosamente esta t\u00e9cnica como parte de otros cursos (y tambi\u00e9n de sesiones) me pareci\u00f3 que era hora de acercarte esta herramienta super efectiva en los momentos de &#8220;v\u00e9rtigo&#8221; por los que suelen pasar los expats.<br \/>\nSi quer\u00e9s saber un poco m\u00e1s,\u00a0<a href=\"http:\/\/expatpsi.com\/journaling\/\" target=\"_blank\" rel=\"noopener\">entr\u00e1 ac\u00e1<\/a> que te cuento!<\/h5>\n<p>&nbsp;<\/p>\n<hr \/>\n<p>&nbsp;<\/p>\n<div dir=\"ltr\" style=\"text-align: center;\"><a href=\"http:\/\/www.expatpsi.com\/reencontrate\" target=\"_blank\" rel=\"attachment wp-att-1057 noopener\"><img loading=\"lazy\" decoding=\"async\" class=\"aligncenter wp-image-1247 size-full\" src=\"http:\/\/www.expatpsi.com\/blogo\/wp-content\/uploads\/2015\/12\/reencontrate_bannerProd.gif\" alt=\"\" width=\"525\" height=\"234\" \/><\/a><\/div>\n<p style=\"text-align: center;\">\u00bfSent\u00eds que tu br\u00fajula no funciona en tu nuevo destino?<br \/>\nEntonces Reencontrate es para vos.<br \/>\n<a href=\"http:\/\/www.expatpsi.com\/reencontrate\" target=\"_blank\" rel=\"noopener\">Hac\u00e9 click ac\u00e1<\/a> para\u00a0m\u00e1s informaci\u00f3n.<\/p>\n<h5><\/h5>\n<p>&nbsp;<\/p>\n<hr \/>\n<p>&nbsp;<\/p>\n<div dir=\"ltr\"><a href=\"http:\/\/www.expatpsi.com\/blogo\/wp-content\/uploads\/2015\/12\/curso_identidad.gif\" target=\"_blank\" rel=\"attachment wp-att-1057 noopener\"><img loading=\"lazy\" decoding=\"async\" class=\"aligncenter wp-image-2060 size-full\" src=\"http:\/\/www.expatpsi.com\/blogo\/wp-content\/uploads\/2015\/12\/curso_identidad.gif\" alt=\"\" width=\"525\" height=\"311\" \/><\/a><\/div>\n<p style=\"text-align: center;\">\u00bfTe preocupa que el haberte expatriado afecte el desarrollo emocional de tus hijos?<br \/>\nSi es tu caso, este Curso fue desarrollado para vos. Enterate bien de qu\u00e9 se trata\u00a0<a href=\"https:\/\/expatpsi.com\/sp-curso-identidad-2\/\" target=\"_blank\" rel=\"noopener\">haciendo click ac\u00e1.<\/a><\/p>\n<hr \/>\n<p style=\"text-align: center;\"><a href=\"http:\/\/www.expatpsi.com\/storytelling\/\" target=\"_blank\" rel=\"attachment wp-att-1058 noopener\"><img loading=\"lazy\" decoding=\"async\" class=\"aligncenter wp-image-1058 size-full\" src=\"http:\/\/www.expatpsi.com\/blogo\/wp-content\/uploads\/2015\/12\/PauVexlir_Parroquial_7_04.gif\" alt=\"PauVexlir_Parroquial_7_04\" width=\"525\" height=\"294\" \/><\/a> Para ayudar a los m\u00e1s chicos a procesar su experiencia expat, para ayudar a los padres a comunicarse con sus hijos,<br \/>\ntaller de Storytelling con dos libros de regalo. Para m\u00e1s informaci\u00f3n <a href=\"http:\/\/www.expatpsi.com\/storytelling\/\" target=\"_blank\" rel=\"noopener\">entr\u00e1 ac\u00e1.<\/a><\/p>\n<hr \/>\n<p style=\"text-align: center;\"><a href=\"http:\/\/www.expatpsi.com\/curso-para-padres-2-2\/\" target=\"_blank\" rel=\"attachment wp-att-1059 noopener\"><img loading=\"lazy\" decoding=\"async\" class=\"aligncenter wp-image-1191 size-full\" src=\"http:\/\/www.expatpsi.com\/blogo\/wp-content\/uploads\/2015\/12\/parroquial7-sin-sello.gif\" alt=\"\" width=\"525\" height=\"311\" \/><\/a> Al dif\u00edcil arte de ser padres, se le agrega el desaf\u00edo expat. Este Curso reune toda la informaci\u00f3n que necesit\u00e1s para ayudar a tus hijos a sacar lo mejor de la vida internacional. \u00a0<a href=\"http:\/\/www.expatpsi.com\/curso-para-madres-expatriadas\/\" target=\"_blank\" rel=\"noopener\">Enterate m\u00e1s!<\/a><\/p>\n<hr \/>\n","protected":false},"excerpt":{"rendered":"<p>&nbsp; Ya lo sab\u00e9s, no necesit\u00e1s que te lo diga yo; esto de vivir lejos, de tener una vida como expatriado o migrante no siempre es f\u00e1cil. No todo es color de rosa como parece vista a lo lejos. Lo que quiz\u00e1s no sepas es que con la informaci\u00f3n necesaria puede mejorar y mucho. Por&hellip;<\/p>\n","protected":false},"author":1,"featured_media":0,"parent":0,"menu_order":3,"comment_status":"closed","ping_status":"closed","template":"page-templates\/template-full-width.php","meta":{"footnotes":""},"class_list":["post-1055","page","type-page","status-publish","hentry"],"_links":{"self":[{"href":"https:\/\/www.expatpsi.com\/blogo\/wp-json\/wp\/v2\/pages\/1055","targetHints":{"allow":["GET"]}}],"collection":[{"href":"https:\/\/www.expatpsi.com\/blogo\/wp-json\/wp\/v2\/pages"}],"about":[{"href":"https:\/\/www.expatpsi.com\/blogo\/wp-json\/wp\/v2\/types\/page"}],"author":[{"embeddable":true,"href":"https:\/\/www.expatpsi.com\/blogo\/wp-json\/wp\/v2\/users\/1"}],"replies":[{"embeddable":true,"href":"https:\/\/www.expatpsi.com\/blogo\/wp-json\/wp\/v2\/comments?post=1055"}],"version-history":[{"count":54,"href":"https:\/\/www.expatpsi.com\/blogo\/wp-json\/wp\/v2\/pages\/1055\/revisions"}],"predecessor-version":[{"id":2063,"href":"https:\/\/www.expatpsi.com\/blogo\/wp-json\/wp\/v2\/pages\/1055\/revisions\/2063"}],"wp:attachment":[{"href":"https:\/\/www.expatpsi.com\/blogo\/wp-json\/wp\/v2\/media?parent=1055"}],"curies":[{"name":"wp","href":"https:\/\/api.w.org\/{rel}","templated":true}]}}