{"id":2,"date":"2013-12-20T17:54:30","date_gmt":"2013-12-20T17:54:30","guid":{"rendered":"http:\/\/www.expatpsi.com\/blogo\/?page_id=2"},"modified":"2015-05-04T17:34:13","modified_gmt":"2015-05-04T17:34:13","slug":"acerca-de","status":"publish","type":"page","link":"https:\/\/www.expatpsi.com\/blogo\/acerca-de\/","title":{"rendered":"Acerca de Expatpsi"},"content":{"rendered":"<p><strong><a href=\"http:\/\/www.expatpsi.com\/blogo\/wp-content\/uploads\/2013\/12\/ella2.jpg\"><img loading=\"lazy\" decoding=\"async\" class=\"alignright wp-image-483 size-full\" src=\"http:\/\/www.expatpsi.com\/blogo\/wp-content\/uploads\/2013\/12\/ella2.jpg\" alt=\"Lic. Paula Vexlir\" width=\"255\" height=\"255\" srcset=\"https:\/\/www.expatpsi.com\/blogo\/wp-content\/uploads\/2013\/12\/ella2.jpg 255w, https:\/\/www.expatpsi.com\/blogo\/wp-content\/uploads\/2013\/12\/ella2-150x150.jpg 150w, https:\/\/www.expatpsi.com\/blogo\/wp-content\/uploads\/2013\/12\/ella2-50x50.jpg 50w\" sizes=\"auto, (max-width: 255px) 100vw, 255px\" \/><\/a>ExpatPsi\u00a0<\/strong>surgi\u00f3 a pedido de los pacientes que quer\u00edan continuar sus tratamientos al irse a vivir al exterior. As\u00ed, de a poco, comprobando la eficacia de los tratamientos a distancia, revisando los canales de comunicaci\u00f3n disponibles, investigando las semejanzas y diferencias con migrantes de otras culturas, se fue consolidando esta especializaci\u00f3n. Por todo esto, ExpatPsi es un espacio de psicolog\u00eda online, a trav\u00e9s del cual trabajo con hispanoparlantes, en su mayor\u00eda lationamericanos que viven fuera de su pa\u00eds de origen.<\/p>\n<p>Vivir fuera de tu &#8220;pa\u00eds de pasaporte&#8221; implica muchas cosas. Es un desaf\u00edo que te confronta con nuevas situaciones, que te permite conocer nuevos aspectos de ti mismo pero que tambi\u00e9n puede resultar abrumador (m\u00e1s cuando se transita sin muchas ideas de lo que es esperable en esas situaciones). Afortunadamente existen muchas investigaciones al respecto, hay muchos libros escritos y decenas de\u00a0 trabajos presentados. Desafortunadamente existe muy poca de esa informaci\u00f3n en espa\u00f1ol. Por eso empiezo este blog, para que puedas contar con informaci\u00f3n espec\u00edfica acerca de lo que est\u00e1s atravesando (para m\u00e1s explicaciones puedes visitar el primer post, all\u00ed est\u00e1 explicado en profundidad).<\/p>\n<p>Para m\u00e1s detalles sobre <strong>ExpatPsi<\/strong>, puedes\u00a0visitar\u00a0<a href=\"http:\/\/www.expatpsi.com\" target=\"_blank\" rel=\"nofollow nofollow\">http:\/\/www.expatpsi.com<\/a><\/p>\n<p>Para contarme temas que te resultan interesantes o sobre los que te gustar\u00eda que escriba, puedes encontrarme en <a href=\"mailto:contacto@expatpsi.com\">contacto@expatpsi.com<br \/>\n<\/a><\/p>\n<p>Tambi\u00e9n posteo informaci\u00f3n y recursos en Facebook: <a href=\"http:\/\/www.facebook.com\/ExpatPsi\" target=\"_blank\">www.facebook.com\/ExpatPsi<\/a><\/p>\n","protected":false},"excerpt":{"rendered":"<p>ExpatPsi\u00a0surgi\u00f3 a pedido de los pacientes que quer\u00edan continuar sus tratamientos al irse a vivir al exterior. As\u00ed, de a poco, comprobando la eficacia de los tratamientos a distancia, revisando los canales de comunicaci\u00f3n disponibles, investigando las semejanzas y diferencias con migrantes de otras culturas, se fue consolidando esta especializaci\u00f3n. Por todo esto, ExpatPsi es&hellip;<\/p>\n","protected":false},"author":1,"featured_media":0,"parent":0,"menu_order":0,"comment_status":"closed","ping_status":"closed","template":"","meta":{"footnotes":""},"class_list":["post-2","page","type-page","status-publish","hentry"],"_links":{"self":[{"href":"https:\/\/www.expatpsi.com\/blogo\/wp-json\/wp\/v2\/pages\/2","targetHints":{"allow":["GET"]}}],"collection":[{"href":"https:\/\/www.expatpsi.com\/blogo\/wp-json\/wp\/v2\/pages"}],"about":[{"href":"https:\/\/www.expatpsi.com\/blogo\/wp-json\/wp\/v2\/types\/page"}],"author":[{"embeddable":true,"href":"https:\/\/www.expatpsi.com\/blogo\/wp-json\/wp\/v2\/users\/1"}],"replies":[{"embeddable":true,"href":"https:\/\/www.expatpsi.com\/blogo\/wp-json\/wp\/v2\/comments?post=2"}],"version-history":[{"count":21,"href":"https:\/\/www.expatpsi.com\/blogo\/wp-json\/wp\/v2\/pages\/2\/revisions"}],"predecessor-version":[{"id":484,"href":"https:\/\/www.expatpsi.com\/blogo\/wp-json\/wp\/v2\/pages\/2\/revisions\/484"}],"wp:attachment":[{"href":"https:\/\/www.expatpsi.com\/blogo\/wp-json\/wp\/v2\/media?parent=2"}],"curies":[{"name":"wp","href":"https:\/\/api.w.org\/{rel}","templated":true}]}}